{"id":70,"date":"2014-11-30T16:04:53","date_gmt":"2014-11-30T14:04:53","guid":{"rendered":"http:\/\/www.stadtfuehrerbasel.ch\/?page_id=70"},"modified":"2026-03-30T17:39:19","modified_gmt":"2026-03-30T15:39:19","slug":"oeffentliches-programm","status":"publish","type":"page","link":"https:\/\/www.stadtfuehrerbasel.ch\/?page_id=70","title":{"rendered":"\u00d6ffentliches Programm"},"content":{"rendered":"\r\n\r\n\r\n<div>\r\n<div><\/div>\r\n<div>\r\n<div>\r\n<h4 style=\"text-align: center;\"><br \/>Geisterstadt Basel<br \/>Unheimliche Begegnungen der untoten Art<\/h4>\r\n<\/div>\r\n<div><strong><br \/><\/strong>\r\n<p style=\"text-align: center;\"><strong> mit Daniela Scharf Jakob<\/strong><\/p>\r\n<p>Die passende F\u00fchrung zur Sonderausstellung &#8222;Geister &#8211; dem \u00dcbernat\u00fcrlichen auf der Spur&#8220; im Kunstmuseum Basel. <br \/>Termine und weitere Informationen finden Sie <a href=\"https:\/\/www.stadtfuehrerbasel.ch\/?p=975\">hier<\/a>.<\/p>\r\n<\/div>\r\n<\/div>\r\n<\/div>\r\n<div>\r\n<div>\r\n<div>\r\n<div>\r\n<div>\u00a0<\/div>\r\n<\/div>\r\n<\/div>\r\n<div>\r\n<div>\r\n<div>\r\n<div>\r\n<div>\r\n<div>\r\n<div>\r\n<div><hr \/>\r\n<div>\r\n<div>\r\n<div>\r\n<div>\r\n<div>\r\n<p>Freitag, 24. April 2026<\/p>\r\n<h4 style=\"text-align: center;\">\u00a0Vom Hinterhofadel &#8211; Basels bekannte und weniger bekannte Stadtorginale<\/h4>\r\n<\/div>\r\n<div><strong><br \/><\/strong>\r\n<p style=\"text-align: center;\"><strong> mit Mike Stoll<br \/><\/strong><\/p>\r\n<p>Zeit: \u00a0 \u00a0 \u00a0 \u00a0 \u00a0 \u00a0 \u00a0 \u00a0 \u00a018:00 &#8211; 19:00 Uhr<br \/>Treffpunkt: \u00a0 Hof Basler Rathaus, Marktplatz \/ Grossbasel<br \/>Endpunkt: \u00a0 \u00a0 Rheingasse \/ Kleinbasel<\/p>\r\n<div><strong>Anmeldung:<\/strong><\/div>\r\n<div>bis sp\u00e4testens Freitag, 24. April 2026, um 12:00 Uhr\u00a0 an:<\/div>\r\n<div><a href=\"mailto:mike@stadtfuehrerbasel.ch\">mike@stadtfuehrerbasel.ch<\/a><\/div>\r\n<div>\u00a0<\/div>\r\n<div><strong>Kosten pro Person:<\/strong> <strong>CHF 25.00\u00a0<\/strong><\/div>\r\n<div>\u00a0<\/div>\r\n<div>AHV \/ IGK-Mitglied \/ Jugendliche (13-17 Jahre) CHF 20.00<\/div>\r\n<div>\u00a0<\/div>\r\n<div>Alle F\u00fchrungen sind zahlbar vor Ort in Bar. Wir bitten Sie, das Honorar abgez\u00e4hlt mitzubringen. In der Regel tragen unsere Guides kein Wechselgeld auf sich. Wir danken Ihnen f\u00fcr Ihr Verst\u00e4ndnis.<\/div>\r\n<div>\u00a0<\/div>\r\n<div>Kinder bis 12 sind gratis. Wir m\u00f6chten Sie darauf hinweisen, dass unsere F\u00fchrungen im Grundsatz eher nicht auf Kinder ausgerichtet sind!<\/div>\r\n<div>\u00a0<\/div>\r\n<\/div>\r\n<\/div>\r\n<\/div>\r\n<\/div>\r\n<\/div>\r\n<div>\r\n<div>\r\n<div>\r\n<div><hr \/>\r\n<div>\r\n<div>\r\n<div>\r\n<div>\r\n<div>\r\n<p>Mittwoch, 13. Mai 2026<\/p>\r\n<h4 style=\"text-align: center;\">\u00a0Rund ums Basler M\u00fcnster &#8211; Ein religionshistorischer Rundgang (nur aussen)<\/h4>\r\n<\/div>\r\n<div><strong><br \/><\/strong>\r\n<p style=\"text-align: center;\"><strong> mit Mike Stoll<br \/><\/strong><\/p>\r\n<p>Zeit: \u00a0 \u00a0 \u00a0 \u00a0 \u00a0 \u00a0 \u00a0 \u00a0 \u00a018:00 &#8211; 19:00 Uhr<br \/>Treffpunkt: \u00a0 Hauptportal M\u00fcnster, M\u00fcnsterplatz \/ Grossbasel<br \/>Endpunkt: \u00a0 \u00a0 M\u00fcnsterplatz \/ Grossbasel<\/p>\r\n<div><strong>Anmeldung:<\/strong><\/div>\r\n<div>bis sp\u00e4testens Mittwoch, 13. Mai 2026, um 12:00 Uhr\u00a0 an:<\/div>\r\n<div><a href=\"mailto:mike@stadtfuehrerbasel.ch\">mike@stadtfuehrerbasel.ch<\/a><\/div>\r\n<div>\u00a0<\/div>\r\n<div><strong>Kosten pro Person:<\/strong> <strong>CHF 25.00\u00a0<\/strong><\/div>\r\n<div>\u00a0<\/div>\r\n<div>AHV \/ IGK-Mitglied \/ Jugendliche (13-17 Jahre) CHF 20.00<\/div>\r\n<div>\u00a0<\/div>\r\n<div>Alle F\u00fchrungen sind zahlbar vor Ort in Bar. Wir bitten Sie, das Honorar abgez\u00e4hlt mitzubringen. In der Regel tragen unsere Guides kein Wechselgeld auf sich. Wir danken Ihnen f\u00fcr Ihr Verst\u00e4ndnis.<\/div>\r\n<div>\u00a0<\/div>\r\n<div>Kinder bis 12 sind gratis. Wir m\u00f6chten Sie darauf hinweisen, dass unsere F\u00fchrungen im Grundsatz eher nicht auf Kinder ausgerichtet sind!<\/div>\r\n<div>\u00a0<\/div>\r\n<\/div>\r\n<\/div>\r\n<\/div>\r\n<\/div>\r\n<\/div>\r\n<div>\r\n<div>\r\n<div>\r\n<div><hr \/>\r\n<div>\r\n<div>\r\n<div>\r\n<div>\r\n<div>\r\n<p>Dienstag, 23. Juni 2026<\/p>\r\n<h4 style=\"text-align: center;\">\u00a0800 Jahre nach Fertigstellung: Die Mittlere Br\u00fccke &#8211; Geschichte und Bedeutung<\/h4>\r\n<\/div>\r\n<div><strong><br \/><\/strong>\r\n<p style=\"text-align: center;\"><strong> mit Mike Stoll<br \/><\/strong><\/p>\r\n<p>Zeit: \u00a0 \u00a0 \u00a0 \u00a0 \u00a0 \u00a0 \u00a0 \u00a0 \u00a018:00 &#8211; 19:00 Uhr<br \/>Treffpunkt: \u00a0 Schiffl\u00e4nde, bei der Mittleren Br\u00fccke \/ Grossbasel<br \/>Endpunkt: \u00a0 \u00a0 Oberer Rheinweg \/ Kleinbasel<\/p>\r\n<div><strong>Anmeldung:<\/strong><\/div>\r\n<div>bis sp\u00e4testens Dienstag, 23. Juni 2026, um 12:00 Uhr\u00a0 an:<\/div>\r\n<div><a href=\"mailto:mike@stadtfuehrerbasel.ch\">mike@stadtfuehrerbasel.ch<\/a><\/div>\r\n<div>\u00a0<\/div>\r\n<div><strong>Kosten pro Person:<\/strong> <strong>CHF 25.00\u00a0<\/strong><\/div>\r\n<div>\u00a0<\/div>\r\n<div>AHV \/ IGK-Mitglied \/ Jugendliche (13-17 Jahre) CHF 20.00<\/div>\r\n<div>\u00a0<\/div>\r\n<div>Alle F\u00fchrungen sind zahlbar vor Ort in Bar. Wir bitten Sie, das Honorar abgez\u00e4hlt mitzubringen. In der Regel tragen unsere Guides kein Wechselgeld auf sich. Wir danken Ihnen f\u00fcr Ihr Verst\u00e4ndnis.<\/div>\r\n<div>\u00a0<\/div>\r\n<div>Kinder bis 12 sind gratis. Wir m\u00f6chten Sie darauf hinweisen, dass unsere F\u00fchrungen im Grundsatz eher nicht auf Kinder ausgerichtet sind!<\/div>\r\n<div>\u00a0<\/div>\r\n<\/div>\r\n<\/div>\r\n<\/div>\r\n<\/div>\r\n<\/div>\r\n<div>\r\n<div>\r\n<div>\r\n<div><hr \/>\r\n<p>&nbsp;<\/p>\r\n<\/div>\r\n<\/div>\r\n<\/div>\r\n<\/div>\r\n<\/div>\r\n<\/div>\r\n<\/div>\r\n<\/div>\r\n<\/div>\r\n<\/div>\r\n<\/div>\r\n<\/div>\r\n<\/div>\r\n<\/div>\r\n<\/div>\r\n<\/div>\r\n<\/div>\r\n<\/div>\r\n<\/div>\r\n<\/div>\r\n<\/div>\r\n<\/div>","protected":false},"excerpt":{"rendered":"<p>Geisterstadt BaselUnheimliche Begegnungen der untoten Art mit Daniela Scharf Jakob Die passende F\u00fchrung zur Sonderausstellung &#8222;Geister &#8211; dem \u00dcbernat\u00fcrlichen auf der Spur&#8220; im Kunstmuseum Basel. Termine und weitere Informationen finden Sie hier. \u00a0 Freitag, 24. April 2026 \u00a0Vom Hinterhofadel &#8211; Basels bekannte und weniger bekannte Stadtorginale mit Mike Stoll Zeit: \u00a0 \u00a0 \u00a0 \u00a0 \u00a0 &hellip; <a href=\"https:\/\/www.stadtfuehrerbasel.ch\/?page_id=70\" class=\"more-link\"><span class=\"screen-reader-text\">\u00d6ffentliches Programm<\/span> weiterlesen <span class=\"meta-nav\">&rarr;<\/span><\/a><\/p>\n","protected":false},"author":2,"featured_media":0,"parent":24,"menu_order":41,"comment_status":"closed","ping_status":"closed","template":"","meta":{"footnotes":""},"class_list":["post-70","page","type-page","status-publish","hentry"],"_links":{"self":[{"href":"https:\/\/www.stadtfuehrerbasel.ch\/index.php?rest_route=\/wp\/v2\/pages\/70","targetHints":{"allow":["GET"]}}],"collection":[{"href":"https:\/\/www.stadtfuehrerbasel.ch\/index.php?rest_route=\/wp\/v2\/pages"}],"about":[{"href":"https:\/\/www.stadtfuehrerbasel.ch\/index.php?rest_route=\/wp\/v2\/types\/page"}],"author":[{"embeddable":true,"href":"https:\/\/www.stadtfuehrerbasel.ch\/index.php?rest_route=\/wp\/v2\/users\/2"}],"replies":[{"embeddable":true,"href":"https:\/\/www.stadtfuehrerbasel.ch\/index.php?rest_route=%2Fwp%2Fv2%2Fcomments&post=70"}],"version-history":[{"count":330,"href":"https:\/\/www.stadtfuehrerbasel.ch\/index.php?rest_route=\/wp\/v2\/pages\/70\/revisions"}],"predecessor-version":[{"id":1842,"href":"https:\/\/www.stadtfuehrerbasel.ch\/index.php?rest_route=\/wp\/v2\/pages\/70\/revisions\/1842"}],"up":[{"embeddable":true,"href":"https:\/\/www.stadtfuehrerbasel.ch\/index.php?rest_route=\/wp\/v2\/pages\/24"}],"wp:attachment":[{"href":"https:\/\/www.stadtfuehrerbasel.ch\/index.php?rest_route=%2Fwp%2Fv2%2Fmedia&parent=70"}],"curies":[{"name":"wp","href":"https:\/\/api.w.org\/{rel}","templated":true}]}}