{"id":434,"date":"2017-08-06T16:37:58","date_gmt":"2017-08-06T14:37:58","guid":{"rendered":"http:\/\/www.stadtfuehrerbasel.ch\/?page_id=434"},"modified":"2025-11-07T18:59:50","modified_gmt":"2025-11-07T17:59:50","slug":"themenvorschlaege","status":"publish","type":"page","link":"https:\/\/www.stadtfuehrerbasel.ch\/?page_id=434","title":{"rendered":"Themenvorschl\u00e4ge"},"content":{"rendered":"<p>Folgende Themen und Stadtrundg\u00e4nge haben wir f\u00fcr Sie im Angebot:<\/p>\n<table>\n<tbody>\n<tr>\n<td>klassisch:<\/p>\n<ul>\n<li><a href=\"https:\/\/www.stadtfuehrerbasel.ch\/?p=1407\">Kleinbasel<\/a><\/li>\n<li>Grossbasel<\/li>\n<li>Spalenbuggel<\/li>\n<li><a href=\"https:\/\/www.stadtfuehrerbasel.ch\/?p=955\">M\u00fcnsterh\u00fcgel<\/a><\/li>\n<li><a href=\"https:\/\/www.stadtfuehrerbasel.ch\/?p=1430\">M\u00fcnster &#8211; heilige Dreifaltigkeit<\/a><\/li>\n<li><a href=\"https:\/\/www.stadtfuehrerbasel.ch\/?p=1278\">z&#8217;Basel a mym Rhy<\/a><\/li>\n<li><a href=\"https:\/\/www.stadtfuehrerbasel.ch\/?p=963\">Hafenstadt &#8222;Kleinh\u00fcningen&#8220;<\/a><\/li>\n<li>St. Alban Tal<\/li>\n<\/ul>\n<\/td>\n<td><strong>Saisonal:<\/strong><\/p>\n<ul>\n<li>\u00a0<a href=\"https:\/\/www.stadtfuehrerbasel.ch\/?page_id=393\">Z Basel isch M\u00e4ss!<\/a><\/li>\n<li><a href=\"https:\/\/www.stadtfuehrerbasel.ch\/?page_id=476\">O Tannenbaum<\/a><\/li>\n<li><a href=\"https:\/\/www.stadtfuehrerbasel.ch\/?p=774\">Vogel Gryff<\/a><\/li>\n<li><a href=\"https:\/\/www.stadtfuehrerbasel.ch\/?p=102\">Basler Fasnacht<\/a><\/li>\n<li><a href=\"https:\/\/www.stadtfuehrerbasel.ch\/?page_id=307\">Denn es weihnachtet sehr!<\/a><\/li>\n<li><a href=\"https:\/\/www.stadtfuehrerbasel.ch\/?p=888\">Geisterstadt Basel<\/a><\/li>\n<li><a href=\"https:\/\/www.stadtfuehrerbasel.ch\/?page_id=479\">Reformationsstadt<\/a><\/li>\n<\/ul>\n<\/td>\n<\/tr>\n<\/tbody>\n<\/table>\n<table>\n<tbody>\n<tr>\n<td><strong>Themenbezogen:<\/strong><\/p>\n<ul>\n<li><a href=\"https:\/\/www.stadtfuehrerbasel.ch\/?page_id=238\">Mach mir utsch! &#8211; Mit gfliiglete Wort und alten Ussdrigg durr Basel<\/a><\/li>\n<li>Basel Rot-Blau<\/li>\n<li><a title=\"Der Schwarze Tod und der Basler Daig\" href=\"https:\/\/www.stadtfuehrerbasel.ch\/?page_id=159\">Der schwarze Tod und der Basler Daig<\/a><\/li>\n<li><a href=\"https:\/\/www.stadtfuehrerbasel.ch\/?p=1323\">My Glaibasel<\/a><\/li>\n<li>Panzerreiter, Ritter, Edelknechte<\/li>\n<li><a title=\"Heilige \u2013 Hexen \u2013 Huren\" href=\"https:\/\/www.stadtfuehrerbasel.ch\/?p=945\">Heilige &#8211; Hexen &#8211; Huren<\/a><\/li>\n<li><a href=\"https:\/\/www.stadtfuehrerbasel.ch\/?page_id=334\">Von Br\u00e4nden, die gel\u00f6scht werden wollten<\/a><\/li>\n<li><a href=\"https:\/\/www.stadtfuehrerbasel.ch\/?page_id=536\">Schauerm\u00e4rchen und Gespenster<\/a><\/li>\n<li><a href=\"https:\/\/www.stadtfuehrerbasel.ch\/?p=1231\">Auf Pilgers Spuren durchs Alte Basel<\/a><\/li>\n<\/ul>\n<\/td>\n<\/tr>\n<\/tbody>\n<\/table>\n<table>\n<tbody>\n<tr>\n<td><strong>Spezielles:<\/strong><\/p>\n<ul>\n<li>Brauerei Fischerstube &#8211; Wie der Ueli ins Glas kam<\/li>\n<\/ul>\n<\/td>\n<\/tr>\n<\/tbody>\n<\/table>\n<p>Gerne bieten wir Ihnen eine pers\u00f6nlich auf Ihre W\u00fcnsche massgeschneiderte Stadtf\u00fchrung an &#8211; treten Sie mit uns in <a title=\"Kontakt\" href=\"https:\/\/www.stadtfuehrerbasel.ch\/?page_id=12\">Kontakt<\/a>!<\/p>\n","protected":false},"excerpt":{"rendered":"<p>Folgende Themen und Stadtrundg\u00e4nge haben wir f\u00fcr Sie im Angebot: klassisch: Kleinbasel Grossbasel Spalenbuggel M\u00fcnsterh\u00fcgel M\u00fcnster &#8211; heilige Dreifaltigkeit z&#8217;Basel a mym Rhy Hafenstadt &#8222;Kleinh\u00fcningen&#8220; St. Alban Tal Saisonal: \u00a0Z Basel isch M\u00e4ss! O Tannenbaum Vogel Gryff Basler Fasnacht Denn es weihnachtet sehr! Geisterstadt Basel Reformationsstadt Themenbezogen: Mach mir utsch! &#8211; Mit gfliiglete Wort und &hellip; <a href=\"https:\/\/www.stadtfuehrerbasel.ch\/?page_id=434\" class=\"more-link\"><span class=\"screen-reader-text\">Themenvorschl\u00e4ge<\/span> weiterlesen <span class=\"meta-nav\">&rarr;<\/span><\/a><\/p>\n","protected":false},"author":5,"featured_media":0,"parent":24,"menu_order":42,"comment_status":"closed","ping_status":"closed","template":"","meta":{"footnotes":""},"class_list":["post-434","page","type-page","status-publish","hentry"],"_links":{"self":[{"href":"https:\/\/www.stadtfuehrerbasel.ch\/index.php?rest_route=\/wp\/v2\/pages\/434","targetHints":{"allow":["GET"]}}],"collection":[{"href":"https:\/\/www.stadtfuehrerbasel.ch\/index.php?rest_route=\/wp\/v2\/pages"}],"about":[{"href":"https:\/\/www.stadtfuehrerbasel.ch\/index.php?rest_route=\/wp\/v2\/types\/page"}],"author":[{"embeddable":true,"href":"https:\/\/www.stadtfuehrerbasel.ch\/index.php?rest_route=\/wp\/v2\/users\/5"}],"replies":[{"embeddable":true,"href":"https:\/\/www.stadtfuehrerbasel.ch\/index.php?rest_route=%2Fwp%2Fv2%2Fcomments&post=434"}],"version-history":[{"count":22,"href":"https:\/\/www.stadtfuehrerbasel.ch\/index.php?rest_route=\/wp\/v2\/pages\/434\/revisions"}],"predecessor-version":[{"id":1824,"href":"https:\/\/www.stadtfuehrerbasel.ch\/index.php?rest_route=\/wp\/v2\/pages\/434\/revisions\/1824"}],"up":[{"embeddable":true,"href":"https:\/\/www.stadtfuehrerbasel.ch\/index.php?rest_route=\/wp\/v2\/pages\/24"}],"wp:attachment":[{"href":"https:\/\/www.stadtfuehrerbasel.ch\/index.php?rest_route=%2Fwp%2Fv2%2Fmedia&parent=434"}],"curies":[{"name":"wp","href":"https:\/\/api.w.org\/{rel}","templated":true}]}}